{"id":2625,"date":"2024-09-12T18:39:58","date_gmt":"2024-09-12T18:39:58","guid":{"rendered":"https:\/\/fliperstore.com\/fliper\/?page_id=2625"},"modified":"2025-01-13T15:05:46","modified_gmt":"2025-01-13T15:05:46","slug":"orcamento","status":"publish","type":"page","link":"https:\/\/fliperstore.com\/fliper\/pt\/orcamento\/","title":{"rendered":"Or\u00e7amento"},"content":{"rendered":"\t\t<div data-elementor-type=\"wp-page\" data-elementor-id=\"2625\" class=\"elementor elementor-2625\" data-elementor-post-type=\"page\">\n\t\t\t\t<div class=\"elementor-element elementor-element-110df2c e-flex e-con-boxed e-con e-parent\" data-id=\"110df2c\" data-element_type=\"container\" data-e-type=\"container\">\n\t\t\t\t\t<div class=\"e-con-inner\">\n\t\t<div class=\"elementor-element elementor-element-fd8ce7a e-flex e-con-boxed e-con e-child\" data-id=\"fd8ce7a\" data-element_type=\"container\" data-e-type=\"container\" data-settings=\"{&quot;background_background&quot;:&quot;classic&quot;}\">\n\t\t\t\t\t<div class=\"e-con-inner\">\n\t\t<div class=\"elementor-element elementor-element-7b548ba e-flex e-con-boxed e-con e-child\" data-id=\"7b548ba\" data-element_type=\"container\" data-e-type=\"container\">\n\t\t\t\t\t<div class=\"e-con-inner\">\n\t\t\t\t<div class=\"elementor-element elementor-element-2228bbd elementor-widget elementor-widget-heading\" data-id=\"2228bbd\" data-element_type=\"widget\" data-e-type=\"widget\" data-widget_type=\"heading.default\">\n\t\t\t\t<div class=\"elementor-widget-container\">\n\t\t\t\t\t<h1 class=\"elementor-heading-title elementor-size-default\">OR\u00c7AMENTO<\/h1>\t\t\t\t<\/div>\n\t\t\t\t<\/div>\n\t\t\t\t<div class=\"elementor-element elementor-element-cf1a2fa elementor-button-align-start elementor-widget elementor-widget-form\" data-id=\"cf1a2fa\" data-element_type=\"widget\" data-e-type=\"widget\" data-settings=\"{&quot;step_next_label&quot;:&quot;Next&quot;,&quot;step_previous_label&quot;:&quot;Previous&quot;,&quot;step_type&quot;:&quot;number_text&quot;,&quot;step_icon_shape&quot;:&quot;circle&quot;}\" data-widget_type=\"form.default\">\n\t\t\t\t<div class=\"elementor-widget-container\">\n\t\t\t\t\t\t\t<form class=\"elementor-form\" method=\"post\" name=\"Or\u00e7amento\" aria-label=\"Or\u00e7amento\">\n\t\t\t<input type=\"hidden\" name=\"post_id\" value=\"2625\"\/>\n\t\t\t<input type=\"hidden\" name=\"form_id\" value=\"cf1a2fa\"\/>\n\t\t\t<input type=\"hidden\" name=\"referer_title\" value=\"Or\u00e7amento\" \/>\n\n\t\t\t\t\t\t\t<input type=\"hidden\" name=\"queried_id\" value=\"2625\"\/>\n\t\t\t\n\t\t\t<div class=\"elementor-form-fields-wrapper elementor-labels-above\">\n\t\t\t\t\t\t\t\t<div class=\"elementor-field-type-text elementor-field-group elementor-column elementor-field-group-name elementor-col-100 elementor-field-required elementor-mark-required\">\n\t\t\t\t\t\t\t\t\t\t\t\t<label for=\"form-field-name\" class=\"elementor-field-label\">\n\t\t\t\t\t\t\t\tNome\t\t\t\t\t\t\t<\/label>\n\t\t\t\t\t\t\t\t\t\t\t\t\t\t<input size=\"1\" type=\"text\" name=\"form_fields[name]\" id=\"form-field-name\" class=\"elementor-field elementor-size-xs  elementor-field-textual\" required=\"required\">\n\t\t\t\t\t\t\t\t\t\t\t<\/div>\n\t\t\t\t\t\t\t\t<div class=\"elementor-field-type-text elementor-field-group elementor-column elementor-field-group-field_26a313d elementor-col-100 elementor-field-required elementor-mark-required\">\n\t\t\t\t\t\t\t\t\t\t\t\t<label for=\"form-field-field_26a313d\" class=\"elementor-field-label\">\n\t\t\t\t\t\t\t\tEmpresa\t\t\t\t\t\t\t<\/label>\n\t\t\t\t\t\t\t\t\t\t\t\t\t\t<input size=\"1\" type=\"text\" name=\"form_fields[field_26a313d]\" id=\"form-field-field_26a313d\" class=\"elementor-field elementor-size-xs  elementor-field-textual\" required=\"required\">\n\t\t\t\t\t\t\t\t\t\t\t<\/div>\n\t\t\t\t\t\t\t\t<div class=\"elementor-field-type-tel elementor-field-group elementor-column elementor-field-group-field_9bcab38 elementor-col-100 elementor-field-required elementor-mark-required\">\n\t\t\t\t\t\t\t\t\t\t\t\t<label for=\"form-field-field_9bcab38\" class=\"elementor-field-label\">\n\t\t\t\t\t\t\t\tTelefone\t\t\t\t\t\t\t<\/label>\n\t\t\t\t\t\t\t\t<input size=\"1\" type=\"tel\" name=\"form_fields[field_9bcab38]\" id=\"form-field-field_9bcab38\" class=\"elementor-field elementor-size-xs  elementor-field-textual\" required=\"required\" pattern=\"[0-9()#&amp;+*-=.]+\" title=\"Only numbers and phone characters (#, -, *, etc) are accepted.\">\n\n\t\t\t\t\t\t<\/div>\n\t\t\t\t\t\t\t\t<div class=\"elementor-field-type-email elementor-field-group elementor-column elementor-field-group-email elementor-col-100 elementor-field-required elementor-mark-required\">\n\t\t\t\t\t\t\t\t\t\t\t\t<label for=\"form-field-email\" class=\"elementor-field-label\">\n\t\t\t\t\t\t\t\tEmail\t\t\t\t\t\t\t<\/label>\n\t\t\t\t\t\t\t\t\t\t\t\t\t\t<input size=\"1\" type=\"email\" name=\"form_fields[email]\" id=\"form-field-email\" class=\"elementor-field elementor-size-xs  elementor-field-textual\" required=\"required\">\n\t\t\t\t\t\t\t\t\t\t\t<\/div>\n\t\t\t\t\t\t\t\t<div class=\"elementor-field-type-text elementor-field-group elementor-column elementor-field-group-field_65c85db elementor-col-100 elementor-field-required elementor-mark-required\">\n\t\t\t\t\t\t\t\t\t\t\t\t<label for=\"form-field-field_65c85db\" class=\"elementor-field-label\">\n\t\t\t\t\t\t\t\tPa\u00eds\t\t\t\t\t\t\t<\/label>\n\t\t\t\t\t\t\t\t\t\t\t\t\t\t<input size=\"1\" type=\"text\" name=\"form_fields[field_65c85db]\" id=\"form-field-field_65c85db\" class=\"elementor-field elementor-size-xs  elementor-field-textual\" required=\"required\">\n\t\t\t\t\t\t\t\t\t\t\t<\/div>\n\t\t\t\t\t\t\t\t<div class=\"elementor-field-type-text elementor-field-group elementor-column elementor-field-group-field_146c039 elementor-col-100 elementor-field-required elementor-mark-required\">\n\t\t\t\t\t\t\t\t\t\t\t\t<label for=\"form-field-field_146c039\" class=\"elementor-field-label\">\n\t\t\t\t\t\t\t\tPorto\t\t\t\t\t\t\t<\/label>\n\t\t\t\t\t\t\t\t\t\t\t\t\t\t<input size=\"1\" type=\"text\" name=\"form_fields[field_146c039]\" id=\"form-field-field_146c039\" class=\"elementor-field elementor-size-xs  elementor-field-textual\" required=\"required\">\n\t\t\t\t\t\t\t\t\t\t\t<\/div>\n\t\t\t\t\t\t\t\t<div class=\"elementor-field-type-radio elementor-field-group elementor-column elementor-field-group-field_8df57b2 elementor-col-100 elementor-field-required elementor-mark-required\">\n\t\t\t\t\t\t\t\t\t\t\t\t<label for=\"form-field-field_8df57b2\" class=\"elementor-field-label\">\n\t\t\t\t\t\t\t\tOp\u00e7\u00f5es\t\t\t\t\t\t\t<\/label>\n\t\t\t\t\t\t<div class=\"elementor-field-subgroup  elementor-subgroup-inline\"><span class=\"elementor-field-option\"><input type=\"radio\" value=\"Black\" id=\"form-field-field_8df57b2-0\" name=\"form_fields[field_8df57b2]\" required=\"required\"> <label for=\"form-field-field_8df57b2-0\">Black<\/label><\/span><span class=\"elementor-field-option\"><input type=\"radio\" value=\"Classic\" id=\"form-field-field_8df57b2-1\" name=\"form_fields[field_8df57b2]\" required=\"required\"> <label for=\"form-field-field_8df57b2-1\">Classic<\/label><\/span><span class=\"elementor-field-option\"><input type=\"radio\" value=\"Red\" id=\"form-field-field_8df57b2-2\" name=\"form_fields[field_8df57b2]\" required=\"required\"> <label for=\"form-field-field_8df57b2-2\">Red<\/label><\/span><span class=\"elementor-field-option\"><input type=\"radio\" value=\"Dynamic\" id=\"form-field-field_8df57b2-3\" name=\"form_fields[field_8df57b2]\" required=\"required\"> <label for=\"form-field-field_8df57b2-3\">Dynamic<\/label><\/span><\/div>\t\t\t\t<\/div>\n\t\t\t\t\t\t\t\t<div class=\"elementor-field-type-radio elementor-field-group elementor-column elementor-field-group-field_e1c6f6c elementor-col-100 elementor-field-required elementor-mark-required\">\n\t\t\t\t\t\t\t\t\t\t\t\t<label for=\"form-field-field_e1c6f6c\" class=\"elementor-field-label\">\n\t\t\t\t\t\t\t\tFora de borda\t\t\t\t\t\t\t<\/label>\n\t\t\t\t\t\t<div class=\"elementor-field-subgroup  elementor-subgroup-inline\"><span class=\"elementor-field-option\"><input type=\"radio\" value=\"90 HP\" id=\"form-field-field_e1c6f6c-0\" name=\"form_fields[field_e1c6f6c]\" required=\"required\"> <label for=\"form-field-field_e1c6f6c-0\">90 HP<\/label><\/span><span class=\"elementor-field-option\"><input type=\"radio\" value=\"70 HP\" id=\"form-field-field_e1c6f6c-1\" name=\"form_fields[field_e1c6f6c]\" required=\"required\"> <label for=\"form-field-field_e1c6f6c-1\">70 HP<\/label><\/span><span class=\"elementor-field-option\"><input type=\"radio\" value=\"60 HP\" id=\"form-field-field_e1c6f6c-2\" name=\"form_fields[field_e1c6f6c]\" required=\"required\"> <label for=\"form-field-field_e1c6f6c-2\">60 HP<\/label><\/span><span class=\"elementor-field-option\"><input type=\"radio\" value=\"50 HP\" id=\"form-field-field_e1c6f6c-3\" name=\"form_fields[field_e1c6f6c]\" required=\"required\"> <label for=\"form-field-field_e1c6f6c-3\">50 HP<\/label><\/span><span class=\"elementor-field-option\"><input type=\"radio\" value=\"40 HP\" id=\"form-field-field_e1c6f6c-4\" name=\"form_fields[field_e1c6f6c]\" required=\"required\"> <label for=\"form-field-field_e1c6f6c-4\">40 HP<\/label><\/span><\/div>\t\t\t\t<\/div>\n\t\t\t\t\t\t\t\t<div class=\"elementor-field-type-radio elementor-field-group elementor-column elementor-field-group-field_2fd03d9 elementor-col-100 elementor-field-required elementor-mark-required\">\n\t\t\t\t\t\t\t\t\t\t\t\t<label for=\"form-field-field_2fd03d9\" class=\"elementor-field-label\">\n\t\t\t\t\t\t\t\tCor\t\t\t\t\t\t\t<\/label>\n\t\t\t\t\t\t<div class=\"elementor-field-subgroup  elementor-subgroup-inline\"><span class=\"elementor-field-option\"><input type=\"radio\" value=\"Preto\" id=\"form-field-field_2fd03d9-0\" name=\"form_fields[field_2fd03d9]\" required=\"required\"> <label for=\"form-field-field_2fd03d9-0\">Preto<\/label><\/span><span class=\"elementor-field-option\"><input type=\"radio\" value=\"Cinza\" id=\"form-field-field_2fd03d9-1\" name=\"form_fields[field_2fd03d9]\" required=\"required\"> <label for=\"form-field-field_2fd03d9-1\">Cinza<\/label><\/span><span class=\"elementor-field-option\"><input type=\"radio\" value=\"Branco\" id=\"form-field-field_2fd03d9-2\" name=\"form_fields[field_2fd03d9]\" required=\"required\"> <label for=\"form-field-field_2fd03d9-2\">Branco<\/label><\/span><span class=\"elementor-field-option\"><input type=\"radio\" value=\"Vermelho\" id=\"form-field-field_2fd03d9-3\" name=\"form_fields[field_2fd03d9]\" required=\"required\"> <label for=\"form-field-field_2fd03d9-3\">Vermelho<\/label><\/span><span class=\"elementor-field-option\"><input type=\"radio\" value=\"Outro\" id=\"form-field-field_2fd03d9-4\" name=\"form_fields[field_2fd03d9]\" required=\"required\"> <label for=\"form-field-field_2fd03d9-4\">Outro<\/label><\/span><\/div>\t\t\t\t<\/div>\n\t\t\t\t\t\t\t\t<div class=\"elementor-field-type-number elementor-field-group elementor-column elementor-field-group-field_bae4d89 elementor-col-20 elementor-field-required elementor-mark-required\">\n\t\t\t\t\t\t\t\t\t\t\t\t<label for=\"form-field-field_bae4d89\" class=\"elementor-field-label\">\n\t\t\t\t\t\t\t\tQuantidad\t\t\t\t\t\t\t<\/label>\n\t\t\t\t\t\t\t\t\t<input type=\"number\" name=\"form_fields[field_bae4d89]\" id=\"form-field-field_bae4d89\" class=\"elementor-field elementor-size-xs  elementor-field-textual\" required=\"required\" min=\"1\" max=\"\" >\n\t\t\t\t\t\t<\/div>\n\t\t\t\t\t\t\t\t<div class=\"elementor-field-type-textarea elementor-field-group elementor-column elementor-field-group-message elementor-col-100 elementor-field-required elementor-mark-required\">\n\t\t\t\t\t\t\t\t\t\t\t\t<label for=\"form-field-message\" class=\"elementor-field-label\">\n\t\t\t\t\t\t\t\tMensagem\t\t\t\t\t\t\t<\/label>\n\t\t\t\t\t\t<textarea class=\"elementor-field-textual elementor-field  elementor-size-xs\" name=\"form_fields[message]\" id=\"form-field-message\" rows=\"4\" required=\"required\"><\/textarea>\t\t\t\t<\/div>\n\t\t\t\t\t\t\t\t<div class=\"elementor-field-type-recaptcha_v3 elementor-field-group elementor-column elementor-field-group-field_126d5f5 elementor-col-100 recaptcha_v3-bottomright\">\n\t\t\t\t\t<div class=\"elementor-field\" id=\"form-field-field_126d5f5\"><div class=\"elementor-g-recaptcha\" data-sitekey=\"6Le0JHQpAAAAAMOYg0zH80quUyYYdbzzFau0CDkd\" data-type=\"v3\" data-action=\"Form\" data-badge=\"bottomright\" data-size=\"invisible\"><\/div><\/div>\t\t\t\t<\/div>\n\t\t\t\t\t\t\t\t<div class=\"elementor-field-group elementor-column elementor-field-type-submit elementor-col-100 e-form__buttons\">\n\t\t\t\t\t<button class=\"elementor-button elementor-size-xs\" type=\"submit\">\n\t\t\t\t\t\t<span class=\"elementor-button-content-wrapper\">\n\t\t\t\t\t\t\t\t\t\t\t\t\t\t\t<span class=\"elementor-button-icon\">\n\t\t\t\t\t\t\t\t\t<i aria-hidden=\"true\" class=\"fas fa-paper-plane\"><\/i>\t\t\t\t\t\t\t\t\t\t\t\t\t\t\t\t\t<\/span>\n\t\t\t\t\t\t\t\t\t\t\t\t\t\t\t\t\t\t\t\t\t\t<span class=\"elementor-button-text\">Enviar<\/span>\n\t\t\t\t\t\t\t\t\t\t\t\t\t<\/span>\n\t\t\t\t\t<\/button>\n\t\t\t\t<\/div>\n\t\t\t<\/div>\n\t\t<\/form>\n\t\t\t\t\t\t<\/div>\n\t\t\t\t<\/div>\n\t\t\t\t\t<\/div>\n\t\t\t\t<\/div>\n\t\t<div class=\"elementor-element elementor-element-cd4c808 e-con-full e-flex e-con e-child\" data-id=\"cd4c808\" data-element_type=\"container\" data-e-type=\"container\" data-settings=\"{&quot;background_background&quot;:&quot;classic&quot;}\">\n\t\t\t\t<div class=\"elementor-element elementor-element-ad71a99 elementor-widget elementor-widget-heading\" data-id=\"ad71a99\" data-element_type=\"widget\" data-e-type=\"widget\" data-widget_type=\"heading.default\">\n\t\t\t\t<div class=\"elementor-widget-container\">\n\t\t\t\t\t<h2 class=\"elementor-heading-title elementor-size-default\">OP\u00c7\u00d5ES<\/h2>\t\t\t\t<\/div>\n\t\t\t\t<\/div>\n\t\t\t\t<div class=\"elementor-element elementor-element-d9ee1cb elementor-widget__width-initial elementor-widget elementor-widget-image\" data-id=\"d9ee1cb\" data-element_type=\"widget\" data-e-type=\"widget\" data-widget_type=\"image.default\">\n\t\t\t\t<div class=\"elementor-widget-container\">\n\t\t\t\t\t\t\t\t\t\t\t\t\t\t\t<img decoding=\"async\" src=\"https:\/\/fliperstore.com\/fliper\/wp-content\/uploads\/2025\/01\/Fliper-modelos-cotizacion.webp\" title=\"Fliper modelos cotizacion\" alt=\"Fliper modelos cotizacion\" loading=\"lazy\" \/>\t\t\t\t\t\t\t\t\t\t\t\t\t\t\t<\/div>\n\t\t\t\t<\/div>\n\t\t\t\t<\/div>\n\t\t\t\t\t<\/div>\n\t\t\t\t<\/div>\n\t\t\t\t\t<\/div>\n\t\t\t\t<\/div>\n\t\t\t\t<\/div>\n\t\t","protected":false},"excerpt":{"rendered":"<p>OR\u00c7AMENTO OP\u00c7\u00d5ES<\/p>\n","protected":false},"author":2,"featured_media":0,"parent":0,"menu_order":0,"comment_status":"closed","ping_status":"closed","template":"","meta":{"site-sidebar-layout":"no-sidebar","site-content-layout":"","ast-site-content-layout":"full-width-container","site-content-style":"default","site-sidebar-style":"default","ast-global-header-display":"","ast-banner-title-visibility":"","ast-main-header-display":"","ast-hfb-above-header-display":"","ast-hfb-below-header-display":"","ast-hfb-mobile-header-display":"","site-post-title":"disabled","ast-breadcrumbs-content":"","ast-featured-img":"disabled","footer-sml-layout":"","theme-transparent-header-meta":"","adv-header-id-meta":"","stick-header-meta":"","header-above-stick-meta":"","header-main-stick-meta":"","header-below-stick-meta":"","astra-migrate-meta-layouts":"","ast-page-background-enabled":"default","ast-page-background-meta":{"desktop":{"background-color":"var(--ast-global-color-4)","background-image":"","background-repeat":"repeat","background-position":"center center","background-size":"auto","background-attachment":"scroll","background-type":"","background-media":"","overlay-type":"","overlay-color":"","overlay-gradient":""},"tablet":{"background-color":"","background-image":"","background-repeat":"repeat","background-position":"center center","background-size":"auto","background-attachment":"scroll","background-type":"","background-media":"","overlay-type":"","overlay-color":"","overlay-gradient":""},"mobile":{"background-color":"","background-image":"","background-repeat":"repeat","background-position":"center center","background-size":"auto","background-attachment":"scroll","background-type":"","background-media":"","overlay-type":"","overlay-color":"","overlay-gradient":""}},"ast-content-background-meta":{"desktop":{"background-color":"var(--ast-global-color-5)","background-image":"","background-repeat":"repeat","background-position":"center center","background-size":"auto","background-attachment":"scroll","background-type":"","background-media":"","overlay-type":"","overlay-color":"","overlay-gradient":""},"tablet":{"background-color":"var(--ast-global-color-5)","background-image":"","background-repeat":"repeat","background-position":"center center","background-size":"auto","background-attachment":"scroll","background-type":"","background-media":"","overlay-type":"","overlay-color":"","overlay-gradient":""},"mobile":{"background-color":"var(--ast-global-color-5)","background-image":"","background-repeat":"repeat","background-position":"center center","background-size":"auto","background-attachment":"scroll","background-type":"","background-media":"","overlay-type":"","overlay-color":"","overlay-gradient":""}},"footnotes":""},"class_list":["post-2625","page","type-page","status-publish","hentry"],"_links":{"self":[{"href":"https:\/\/fliperstore.com\/fliper\/wp-json\/wp\/v2\/pages\/2625","targetHints":{"allow":["GET"]}}],"collection":[{"href":"https:\/\/fliperstore.com\/fliper\/wp-json\/wp\/v2\/pages"}],"about":[{"href":"https:\/\/fliperstore.com\/fliper\/wp-json\/wp\/v2\/types\/page"}],"author":[{"embeddable":true,"href":"https:\/\/fliperstore.com\/fliper\/wp-json\/wp\/v2\/users\/2"}],"replies":[{"embeddable":true,"href":"https:\/\/fliperstore.com\/fliper\/wp-json\/wp\/v2\/comments?post=2625"}],"version-history":[{"count":22,"href":"https:\/\/fliperstore.com\/fliper\/wp-json\/wp\/v2\/pages\/2625\/revisions"}],"predecessor-version":[{"id":2900,"href":"https:\/\/fliperstore.com\/fliper\/wp-json\/wp\/v2\/pages\/2625\/revisions\/2900"}],"wp:attachment":[{"href":"https:\/\/fliperstore.com\/fliper\/wp-json\/wp\/v2\/media?parent=2625"}],"curies":[{"name":"wp","href":"https:\/\/api.w.org\/{rel}","templated":true}]}}